{"id":13,"date":"2026-04-02T13:26:18","date_gmt":"2026-04-02T11:26:18","guid":{"rendered":"https:\/\/manurackpalettes.eu\/strona-glowna\/"},"modified":"2026-04-17T14:53:30","modified_gmt":"2026-04-17T12:53:30","slug":"strona-glowna","status":"publish","type":"page","link":"https:\/\/manurackpalettes.eu\/en\/","title":{"rendered":"Strona g\u0142\u00f3wna"},"content":{"rendered":"<div class=\"wp-block-group alignfull has-global-padding is-layout-constrained wp-block-group-is-layout-constrained\">\n<div class=\"wp-block-group alignfull ext-hero-section is-style-ext-preset--group--natural-1--section has-background-background-color has-background has-global-padding is-layout-constrained wp-container-core-group-is-layout-e96f6837 wp-block-group-is-layout-constrained\" style=\"margin-top:0;margin-bottom:0;padding-top:0;padding-right:0;padding-bottom:0;padding-left:0\">\n<div class=\"wp-block-cover alignfull is-style-ext-preset--cover--natural-1--cover-overlay-1\" style=\"padding-top:var(--wp--preset--spacing--70);padding-right:var(--wp--preset--spacing--30);padding-bottom:var(--wp--preset--spacing--70);padding-left:var(--wp--preset--spacing--30);min-height:60vh;aspect-ratio:unset;\"><img loading=\"lazy\" decoding=\"async\" width=\"1024\" height=\"765\" class=\"wp-block-cover__image-background wp-image-208 size-large\" alt=\"nowoczesny magazyn palet manurack\" src=\"http:\/\/manurackpalettes.eu\/wp-content\/uploads\/2026\/04\/manurac-mobilrack-1024x765.webp\" data-object-fit=\"cover\" srcset=\"https:\/\/manurackpalettes.eu\/wp-content\/uploads\/2026\/04\/manurac-mobilrack-1024x765.webp 1024w, https:\/\/manurackpalettes.eu\/wp-content\/uploads\/2026\/04\/manurac-mobilrack-300x224.webp 300w, https:\/\/manurackpalettes.eu\/wp-content\/uploads\/2026\/04\/manurac-mobilrack-768x574.webp 768w, https:\/\/manurackpalettes.eu\/wp-content\/uploads\/2026\/04\/manurac-mobilrack-1536x1147.webp 1536w, https:\/\/manurackpalettes.eu\/wp-content\/uploads\/2026\/04\/manurac-mobilrack-16x12.webp 16w, https:\/\/manurackpalettes.eu\/wp-content\/uploads\/2026\/04\/manurac-mobilrack.webp 1920w\" sizes=\"auto, (max-width: 1024px) 100vw, 1024px\" \/><span aria-hidden=\"true\" class=\"wp-block-cover__background has-background-dim-80 has-background-dim wp-block-cover__gradient-background has-background-gradient\" style=\"background:linear-gradient(90deg,rgb(1,1,1) 0%,rgba(0,0,0,0.15) 100%)\"><\/span><div class=\"wp-block-cover__inner-container has-global-padding is-layout-constrained wp-container-core-cover-is-layout-5cffc2c1 wp-block-cover-is-layout-constrained\">\n<div class=\"wp-block-group alignwide ext-is-logical-start has-global-padding is-content-justification-left is-layout-constrained wp-container-core-group-is-layout-3b932508 wp-block-group-is-layout-constrained\">\n<h1 class=\"wp-block-heading has-text-align-left ext-animate--on has-text-color has-link-color wp-elements-7cdb9fc003cdaae6dfa6934072bceb2e\" style=\"color:#fefefe\">In the near future Humanoid robots  <\/h1>\n\n\n\n<div class=\"wp-block-buttons ext-animate--on is-layout-flex wp-block-buttons-is-layout-flex\"><\/div>\n\n\n\n<blockquote class=\"wp-block-quote is-layout-flow wp-block-quote-is-layout-flow\">\n<p class=\"has-text-align-left ext-animate--on\" style=\"margin-top:1.5rem\">will replace human work in dangerous, heavy and precise activities.                                                                                                             <em>BUT, THE PRODUCED PRODUCTS WILL STILL NEED TO BE STORED SOMEWHERE!<\/em><\/p>\n<\/blockquote>\n\n\n\n<blockquote class=\"wp-block-quote is-layout-flow wp-block-quote-is-layout-flow\">\n<h5 class=\"wp-block-heading\"><em>Choose a proven, simple and modern transport and storage pallet system<strong> MANURACK<\/strong><\/em><\/h5>\n<\/blockquote>\n<\/div>\n<\/div><\/div>\n<\/div>\n\n\n\n<div class=\"wp-block-cover alignfull\" style=\"margin-top:0;padding-top:0vw;padding-right:5vw;padding-bottom:0vw;padding-left:5vw\"><span aria-hidden=\"true\" class=\"wp-block-cover__background has-background-dim-80 has-background-dim\" style=\"background-color:#223473\"><\/span><div class=\"wp-block-cover__inner-container is-layout-flow wp-block-cover-is-layout-flow\">\n<div class=\"wp-block-group is-nowrap is-layout-flex wp-container-core-group-is-layout-03dd6028 wp-block-group-is-layout-flex\">\n<div class=\"wp-block-group wp-container-content-9cfa9a5a is-layout-flow wp-container-core-group-is-layout-d6743c7d wp-block-group-is-layout-flow\">\n<p class=\"has-text-align-left has-black-color has-text-color\" style=\"font-size:clamp(50.171px, 3.136rem + ((1vw - 3.2px) * 5.191), 100px);font-style:normal;font-weight:700;letter-spacing:-4px;line-height:0.9;text-transform:none\">Produced <br>in POLAND<br>checked<\/p>\n\n\n\n<p class=\"has-text-align-left has-white-color has-text-color\" style=\"font-size:clamp(63.347px, 3.959rem + ((1vw - 3.2px) * 7.464), 135px);font-style:normal;font-weight:700;letter-spacing:-4px;line-height:0.9;text-transform:none\">- throughout<br>EUROPE !<\/p>\n<\/div>\n\n\n\n<div class=\"wp-block-group wp-container-content-5b91cf2b is-vertical is-nowrap is-layout-flex wp-container-core-group-is-layout-82cc2081 wp-block-group-is-layout-flex\">\n<div class=\"wp-block-group has-global-padding is-layout-constrained wp-block-group-is-layout-constrained\">\n<figure class=\"wp-block-image size-large\" style=\"margin-top:var(--wp--preset--spacing--30);margin-bottom:var(--wp--preset--spacing--30)\"><img loading=\"lazy\" decoding=\"async\" width=\"571\" height=\"1024\" src=\"http:\/\/manurackpalettes.eu\/wp-content\/uploads\/2026\/04\/manurack-BIGBAG-571x1024.webp\" alt=\"BigBak na paletach manurack\" class=\"wp-image-209\" style=\"box-shadow:var(--wp--preset--shadow--deep)\" srcset=\"https:\/\/manurackpalettes.eu\/wp-content\/uploads\/2026\/04\/manurack-BIGBAG-571x1024.webp 571w, https:\/\/manurackpalettes.eu\/wp-content\/uploads\/2026\/04\/manurack-BIGBAG-167x300.webp 167w, https:\/\/manurackpalettes.eu\/wp-content\/uploads\/2026\/04\/manurack-BIGBAG-768x1376.webp 768w, https:\/\/manurackpalettes.eu\/wp-content\/uploads\/2026\/04\/manurack-BIGBAG-857x1536.webp 857w, https:\/\/manurackpalettes.eu\/wp-content\/uploads\/2026\/04\/manurack-BIGBAG-7x12.webp 7w, https:\/\/manurackpalettes.eu\/wp-content\/uploads\/2026\/04\/manurack-BIGBAG.webp 1000w\" sizes=\"auto, (max-width: 571px) 100vw, 571px\" \/><figcaption class=\"wp-element-caption\">Worki BIGBAK na paletach manurack<\/figcaption><\/figure>\n<\/div>\n<\/div>\n<\/div>\n\n\n\n<blockquote class=\"wp-block-quote is-layout-flow wp-block-quote-is-layout-flow\">\n<p class=\"has-text-align-right\" style=\"font-size:clamp(1.039rem, 1.039rem + ((1vw - 0.2rem) * 0.935), 1.6rem);\"><em>&#8230; produkowane w Polsce od 1994 r.<\/em><\/p>\n<\/blockquote>\n<\/div><\/div>\n<\/div>\n\n\n\n<div class=\"wp-block-cover alignfull has-white-color has-text-color\" style=\"margin-top:0;padding-top:4vw;padding-right:4vw;padding-bottom:4vw;padding-left:4vw;min-height:66vh;aspect-ratio:unset;\"><span aria-hidden=\"true\" class=\"wp-block-cover__background has-background-dim-100 has-background-dim\" style=\"background-color:#0d0000\"><\/span><div class=\"wp-block-cover__inner-container is-layout-flow wp-block-cover-is-layout-flow\">\n<div class=\"wp-block-group is-nowrap is-layout-flex wp-container-core-group-is-layout-6c531013 wp-block-group-is-layout-flex\">\n<div class=\"wp-block-group has-global-padding is-content-justification-left is-layout-constrained wp-container-core-group-is-layout-d7e6ce0a wp-block-group-is-layout-constrained\">\n<p class=\"has-text-align-left has-text-color\" style=\"color:#ffffff61;font-size:clamp(46.18px, 2.886rem + ((1vw - 3.2px) * 4.565), 90px);font-style:normal;font-weight:700;letter-spacing:-2px;line-height:1;text-transform:uppercase\">checked !<\/p>\n\n\n\n<ul class=\"wp-block-list\">\n<li class=\"has-large-font-size\" style=\"font-style:normal;font-weight:500;letter-spacing:2px\"><strong>technical parameters<\/strong><\/li>\n<\/ul>\n\n\n\n<div class=\"wp-block-group is-nowrap is-layout-flex wp-container-core-group-is-layout-6c531013 wp-block-group-is-layout-flex\">\n<p class=\"has-text-align-left has-text-color\" style=\"color:#ffffffad;font-size:clamp(38.682px, 2.418rem + ((1vw - 3.2px) * 3.471), 72px);font-style:normal;font-weight:700;letter-spacing:0px;line-height:1;text-transform:uppercase\">checked by the Institute of Construction Technology <\/p>\n<\/div>\n\n\n\n<ul class=\"wp-block-list\">\n<li style=\"font-size:clamp(1.092rem, 1.092rem + ((1vw - 0.2rem) * 1.013), 1.7rem);font-style:normal;font-weight:500;letter-spacing:3px\">production<\/li>\n<\/ul>\n\n\n\n<p class=\"has-text-align-left has-text-color\" style=\"color:#fffffff5;font-size:clamp(43.315px, 2.707rem + ((1vw - 3.2px) * 4.134), 83px);font-style:normal;font-weight:700;letter-spacing:-2px;line-height:1;text-transform:uppercase\">SGS Poland<\/p>\n\n\n\n<div class=\"wp-block-columns is-layout-flex wp-container-core-columns-is-layout-28f84493 wp-block-columns-is-layout-flex\"><\/div>\n<\/div>\n\n\n\n<div class=\"wp-block-columns is-layout-flex wp-container-core-columns-is-layout-28f84493 wp-block-columns-is-layout-flex\">\n<div class=\"wp-block-column is-layout-flow wp-block-column-is-layout-flow\">\n<figure class=\"wp-block-image size-full\" style=\"margin-top:0;margin-bottom:0\"><img loading=\"lazy\" decoding=\"async\" width=\"400\" height=\"281\" src=\"https:\/\/manurackpalettes.eu\/wp-content\/uploads\/2026\/04\/sgs-psplogo.webp\" alt=\"\" class=\"wp-image-215\" srcset=\"https:\/\/manurackpalettes.eu\/wp-content\/uploads\/2026\/04\/sgs-psplogo.webp 400w, https:\/\/manurackpalettes.eu\/wp-content\/uploads\/2026\/04\/sgs-psplogo-300x211.webp 300w, https:\/\/manurackpalettes.eu\/wp-content\/uploads\/2026\/04\/sgs-psplogo-18x12.webp 18w\" sizes=\"auto, (max-width: 400px) 100vw, 400px\" \/><\/figure>\n<\/div>\n<\/div>\n<\/div>\n<\/div><\/div>\n\n\n\n<div class=\"wp-block-cover alignfull has-custom-content-position is-position-top-left\" style=\"margin-top:0;padding-top:0vw;padding-right:0vw;padding-bottom:0vw;padding-left:0vw;min-height:50vh;aspect-ratio:unset;\"><img decoding=\"async\" class=\"wp-block-cover__image-background wp-image-333\" alt=\"POLSKA\" src=\"https:\/\/pd.w.org\/2022\/07\/87262c92d42acd1c3.73206444.jpg\" style=\"object-position:88% 93%\" data-object-fit=\"cover\" data-object-position=\"88% 93%\"\/><span aria-hidden=\"true\" class=\"wp-block-cover__background has-background-dim-100 has-background-dim\" style=\"background-color:#141414\"><\/span><div class=\"wp-block-cover__inner-container is-layout-flow wp-block-cover-is-layout-flow\">\n<div class=\"wp-block-cover\" style=\"min-height:583px;aspect-ratio:unset;\"><span aria-hidden=\"true\" class=\"wp-block-cover__background has-background-dim\"><\/span><div class=\"wp-block-cover__inner-container is-layout-flow wp-block-cover-is-layout-flow\">\n<div class=\"wp-block-group wp-container-content-9cfa9a5a is-vertical is-nowrap is-layout-flex wp-container-core-group-is-layout-2890af74 wp-block-group-is-layout-flex has-background\" style=\"font-size:clamp(0.875rem, 0.875rem + ((1vw - 0.2rem) * 0.375), 1.1rem);background-image:url(&apos;https:\/\/manurackpalettes.eu\/wp-content\/uploads\/2026\/04\/tlo-scaled.png&apos;);background-position:40% 56.00000000000001%;background-size:cover;\">\n<figure class=\"wp-block-gallery has-nested-images columns-default is-cropped wp-block-gallery-1 is-layout-flex wp-block-gallery-is-layout-flex\">\n<figure class=\"wp-block-image size-full\"><img loading=\"lazy\" decoding=\"async\" width=\"1000\" height=\"747\" data-id=\"210\" src=\"http:\/\/manurackpalettes.eu\/wp-content\/uploads\/2026\/04\/manurack-ruuki.webp\" alt=\"palety manurack manurak wsp\u00f3\u0142pracuj\u0105 z robotami\" class=\"wp-image-210\" srcset=\"https:\/\/manurackpalettes.eu\/wp-content\/uploads\/2026\/04\/manurack-ruuki.webp 1000w, https:\/\/manurackpalettes.eu\/wp-content\/uploads\/2026\/04\/manurack-ruuki-300x224.webp 300w, https:\/\/manurackpalettes.eu\/wp-content\/uploads\/2026\/04\/manurack-ruuki-768x574.webp 768w, https:\/\/manurackpalettes.eu\/wp-content\/uploads\/2026\/04\/manurack-ruuki-16x12.webp 16w\" sizes=\"auto, (max-width: 1000px) 100vw, 1000px\" \/><\/figure>\n\n\n\n<figure class=\"wp-block-image size-full\"><img loading=\"lazy\" decoding=\"async\" width=\"1000\" height=\"747\" data-id=\"211\" src=\"http:\/\/manurackpalettes.eu\/wp-content\/uploads\/2026\/04\/mobilrack-manurack.webp\" alt=\"nowoczesna produkcja z robotami i paletami manurack manurak\" class=\"wp-image-211\" srcset=\"https:\/\/manurackpalettes.eu\/wp-content\/uploads\/2026\/04\/mobilrack-manurack.webp 1000w, https:\/\/manurackpalettes.eu\/wp-content\/uploads\/2026\/04\/mobilrack-manurack-300x224.webp 300w, https:\/\/manurackpalettes.eu\/wp-content\/uploads\/2026\/04\/mobilrack-manurack-768x574.webp 768w, https:\/\/manurackpalettes.eu\/wp-content\/uploads\/2026\/04\/mobilrack-manurack-16x12.webp 16w\" sizes=\"auto, (max-width: 1000px) 100vw, 1000px\" \/><\/figure>\n<\/figure>\n\n\n\n<p class=\"has-text-align-left has-text-color has-oswald-font-family wp-container-content-9cfa9a5a\" style=\"color:#1232a6c7;font-size:clamp(42.068px, 2.629rem + ((1vw - 3.2px) * 3.951), 80px);font-style:italic;font-weight:700;letter-spacing:-4px;line-height:1;text-transform:none\">&gt;&gt;&gt; przysz\u0142o\u015b\u0107 jest dzi\u015b !<\/p>\n<\/div>\n<\/div><\/div>\n<\/div><\/div>","protected":false},"excerpt":{"rendered":"","protected":false},"author":1,"featured_media":0,"parent":0,"menu_order":0,"comment_status":"closed","ping_status":"closed","template":"no-title","meta":{"om_disable_all_campaigns":false,"_monsterinsights_skip_tracking":false,"_monsterinsights_sitenote_active":false,"_monsterinsights_sitenote_note":"","_monsterinsights_sitenote_category":0,"footnotes":""},"class_list":["post-13","page","type-page","status-publish","hentry"],"aioseo_notices":[],"_links":{"self":[{"href":"https:\/\/manurackpalettes.eu\/en\/wp-json\/wp\/v2\/pages\/13","targetHints":{"allow":["GET"]}}],"collection":[{"href":"https:\/\/manurackpalettes.eu\/en\/wp-json\/wp\/v2\/pages"}],"about":[{"href":"https:\/\/manurackpalettes.eu\/en\/wp-json\/wp\/v2\/types\/page"}],"author":[{"embeddable":true,"href":"https:\/\/manurackpalettes.eu\/en\/wp-json\/wp\/v2\/users\/1"}],"replies":[{"embeddable":true,"href":"https:\/\/manurackpalettes.eu\/en\/wp-json\/wp\/v2\/comments?post=13"}],"version-history":[{"count":46,"href":"https:\/\/manurackpalettes.eu\/en\/wp-json\/wp\/v2\/pages\/13\/revisions"}],"predecessor-version":[{"id":219,"href":"https:\/\/manurackpalettes.eu\/en\/wp-json\/wp\/v2\/pages\/13\/revisions\/219"}],"wp:attachment":[{"href":"https:\/\/manurackpalettes.eu\/en\/wp-json\/wp\/v2\/media?parent=13"}],"curies":[{"name":"wp","href":"https:\/\/api.w.org\/{rel}","templated":true}]}}